{"id":11510,"date":"2023-06-26T13:56:13","date_gmt":"2023-06-26T13:56:13","guid":{"rendered":"https:\/\/erikamagyarosi.com\/?page_id=11510"},"modified":"2025-04-01T11:57:38","modified_gmt":"2025-04-01T11:57:38","slug":"kontaktieren","status":"publish","type":"page","link":"https:\/\/erikamagyarosi.com\/en\/kontaktieren","title":{"rendered":"Kontakt"},"content":{"rendered":"\t\t<div data-elementor-type=\"wp-page\" data-elementor-id=\"11510\" class=\"elementor elementor-11510\">\n\t\t\t\t\t\t<section class=\"elementor-section elementor-top-section elementor-element elementor-element-e70da65 elementor-section-boxed elementor-section-height-default elementor-section-height-default qodef-parallax-row-no qodef-content-aligment-left qodef-row-grid-no qodef-disabled-bg-image-bellow-no\" data-id=\"e70da65\" data-element_type=\"section\">\n\t\t\t\t\t\t<div class=\"elementor-container elementor-column-gap-default\">\n\t\t\t\t\t<div class=\"elementor-column elementor-col-33 elementor-top-column elementor-element elementor-element-69cd97e\" data-id=\"69cd97e\" data-element_type=\"column\" data-settings=\"{&quot;background_background&quot;:&quot;classic&quot;}\">\n\t\t\t<div class=\"elementor-widget-wrap elementor-element-populated\">\n\t\t\t\t\t\t<div class=\"elementor-element elementor-element-755cf42 animated-fast elementor-widget-tablet__width-initial elementor-invisible elementor-widget elementor-widget-heading\" data-id=\"755cf42\" data-element_type=\"widget\" data-settings=\"{&quot;_animation&quot;:&quot;fadeInLeft&quot;}\" data-widget_type=\"heading.default\">\n\t\t\t\t<div class=\"elementor-widget-container\">\n\t\t\t\t\t<h2 class=\"elementor-heading-title elementor-size-xl\">Dipl.-Phil. Erika Magyarosi M.A.<\/h2>\t\t\t\t<\/div>\n\t\t\t\t<\/div>\n\t\t\t\t<div class=\"elementor-element elementor-element-21cde03 elementor-align-left animated-fast elementor-icon-list--layout-traditional elementor-list-item-link-full_width elementor-invisible elementor-widget elementor-widget-icon-list\" data-id=\"21cde03\" data-element_type=\"widget\" data-settings=\"{&quot;_animation&quot;:&quot;fadeInLeft&quot;}\" data-widget_type=\"icon-list.default\">\n\t\t\t\t<div class=\"elementor-widget-container\">\n\t\t\t\t\t\t\t<ul class=\"elementor-icon-list-items\">\n\t\t\t\t\t\t\t<li class=\"elementor-icon-list-item\">\n\t\t\t\t\t\t\t\t\t\t\t<a href=\"mailto:mail@impetus-seminare.de\" target=\"_blank\">\n\n\t\t\t\t\t\t\t\t\t\t\t\t<span class=\"elementor-icon-list-icon\">\n\t\t\t\t\t\t\t<i aria-hidden=\"true\" class=\"fas fa-mail-bulk\"><\/i>\t\t\t\t\t\t<\/span>\n\t\t\t\t\t\t\t\t\t\t<span class=\"elementor-icon-list-text\">mail@impetus-seminare.de<\/span>\n\t\t\t\t\t\t\t\t\t\t\t<\/a>\n\t\t\t\t\t\t\t\t\t<\/li>\n\t\t\t\t\t\t\t\t<li class=\"elementor-icon-list-item\">\n\t\t\t\t\t\t\t\t\t\t\t<a href=\"tel:+49%20%207071%201472479\" target=\"_blank\">\n\n\t\t\t\t\t\t\t\t\t\t\t\t<span class=\"elementor-icon-list-icon\">\n\t\t\t\t\t\t\t<i aria-hidden=\"true\" class=\"fas fa-phone-alt\"><\/i>\t\t\t\t\t\t<\/span>\n\t\t\t\t\t\t\t\t\t\t<span class=\"elementor-icon-list-text\">+49 (0) 7071 1472479<\/span>\n\t\t\t\t\t\t\t\t\t\t\t<\/a>\n\t\t\t\t\t\t\t\t\t<\/li>\n\t\t\t\t\t\t\t\t<li class=\"elementor-icon-list-item\">\n\t\t\t\t\t\t\t\t\t\t\t<a href=\"http:\/\/www.linkedin.com\/in\/erika-magyarosi-impetus%20\" target=\"_blank\" rel=\"noopener\">\n\n\t\t\t\t\t\t\t\t\t\t\t\t<span class=\"elementor-icon-list-icon\">\n\t\t\t\t\t\t\t<i aria-hidden=\"true\" class=\"fab fa-linkedin-in\"><\/i>\t\t\t\t\t\t<\/span>\n\t\t\t\t\t\t\t\t\t\t<span class=\"elementor-icon-list-text\">www.linkedin.com\/in\/erika-magyarosi-impetus<\/span>\n\t\t\t\t\t\t\t\t\t\t\t<\/a>\n\t\t\t\t\t\t\t\t\t<\/li>\n\t\t\t\t\t\t\t\t<li class=\"elementor-icon-list-item\">\n\t\t\t\t\t\t\t\t\t\t\t<a href=\"https:\/\/goo.gl\/maps\/PvDH2mVfpmXBKqy67\" target=\"_blank\" rel=\"noopener\">\n\n\t\t\t\t\t\t\t\t\t\t\t\t<span class=\"elementor-icon-list-icon\">\n\t\t\t\t\t\t\t<i aria-hidden=\"true\" class=\"fas fa-location-arrow\"><\/i>\t\t\t\t\t\t<\/span>\n\t\t\t\t\t\t\t\t\t\t<span class=\"elementor-icon-list-text\">Christophstra\u00dfe 18 | 72072 T\u00fcbingen <\/span>\n\t\t\t\t\t\t\t\t\t\t\t<\/a>\n\t\t\t\t\t\t\t\t\t<\/li>\n\t\t\t\t\t\t<\/ul>\n\t\t\t\t\t\t<\/div>\n\t\t\t\t<\/div>\n\t\t\t\t<div class=\"elementor-element elementor-element-f6e6a9d elementor-widget elementor-widget-spacer\" data-id=\"f6e6a9d\" data-element_type=\"widget\" data-widget_type=\"spacer.default\">\n\t\t\t\t<div class=\"elementor-widget-container\">\n\t\t\t\t\t\t\t<div class=\"elementor-spacer\">\n\t\t\t<div class=\"elementor-spacer-inner\"><\/div>\n\t\t<\/div>\n\t\t\t\t\t\t<\/div>\n\t\t\t\t<\/div>\n\t\t\t\t<div class=\"elementor-element elementor-element-c0af0d9 elementor-widget elementor-widget-spacer\" data-id=\"c0af0d9\" data-element_type=\"widget\" data-widget_type=\"spacer.default\">\n\t\t\t\t<div class=\"elementor-widget-container\">\n\t\t\t\t\t\t\t<div class=\"elementor-spacer\">\n\t\t\t<div class=\"elementor-spacer-inner\"><\/div>\n\t\t<\/div>\n\t\t\t\t\t\t<\/div>\n\t\t\t\t<\/div>\n\t\t\t\t<div class=\"elementor-element elementor-element-da00094 animated-fast elementor-invisible elementor-widget elementor-widget-heading\" data-id=\"da00094\" data-element_type=\"widget\" data-settings=\"{&quot;_animation&quot;:&quot;fadeInLeft&quot;}\" data-widget_type=\"heading.default\">\n\t\t\t\t<div class=\"elementor-widget-container\">\n\t\t\t\t\t<h2 class=\"elementor-heading-title elementor-size-xl\">Termin vereinbaren!<\/h2>\t\t\t\t<\/div>\n\t\t\t\t<\/div>\n\t\t\t\t<div class=\"elementor-element elementor-element-74c7f7f animated-fast elementor-invisible elementor-widget elementor-widget-button\" data-id=\"74c7f7f\" data-element_type=\"widget\" data-settings=\"{&quot;_animation&quot;:&quot;fadeInLeft&quot;}\" data-widget_type=\"button.default\">\n\t\t\t\t<div class=\"elementor-widget-container\">\n\t\t\t\t\t\t\t\t\t<div class=\"elementor-button-wrapper\">\n\t\t\t\t\t<a class=\"elementor-button elementor-button-link elementor-size-md\" href=\"https:\/\/calendly.com\/impetus-for-happy-brains\/30min\" target=\"_blank\" rel=\"noopener\">\n\t\t\t\t\t\t<span class=\"elementor-button-content-wrapper\">\n\t\t\t\t\t\t<span class=\"elementor-button-icon\">\n\t\t\t\t<i aria-hidden=\"true\" class=\"far fa-calendar-alt\"><\/i>\t\t\t<\/span>\n\t\t\t\t\t\t\t\t\t<span class=\"elementor-button-text\">Hier klicken!<\/span>\n\t\t\t\t\t<\/span>\n\t\t\t\t\t<\/a>\n\t\t\t\t<\/div>\n\t\t\t\t\t\t\t\t<\/div>\n\t\t\t\t<\/div>\n\t\t\t\t\t<\/div>\n\t\t<\/div>\n\t\t\t\t<div class=\"elementor-column elementor-col-33 elementor-top-column elementor-element elementor-element-289d481\" data-id=\"289d481\" data-element_type=\"column\" data-settings=\"{&quot;background_background&quot;:&quot;classic&quot;}\">\n\t\t\t<div class=\"elementor-widget-wrap\">\n\t\t\t\t\t\t\t<\/div>\n\t\t<\/div>\n\t\t\t\t<div class=\"elementor-column elementor-col-33 elementor-top-column elementor-element elementor-element-5c93270 animated-fast elementor-invisible\" data-id=\"5c93270\" data-element_type=\"column\" data-settings=\"{&quot;background_background&quot;:&quot;classic&quot;,&quot;animation&quot;:&quot;fadeInRight&quot;}\">\n\t\t\t<div class=\"elementor-widget-wrap elementor-element-populated\">\n\t\t\t\t\t\t<div class=\"elementor-element elementor-element-ae3d132 elementor-widget elementor-widget-spacer\" data-id=\"ae3d132\" data-element_type=\"widget\" data-widget_type=\"spacer.default\">\n\t\t\t\t<div class=\"elementor-widget-container\">\n\t\t\t\t\t\t\t<div class=\"elementor-spacer\">\n\t\t\t<div class=\"elementor-spacer-inner\"><\/div>\n\t\t<\/div>\n\t\t\t\t\t\t<\/div>\n\t\t\t\t<\/div>\n\t\t\t\t<div class=\"elementor-element elementor-element-0559297 animated-fast elementor-invisible elementor-widget elementor-widget-heading\" data-id=\"0559297\" data-element_type=\"widget\" data-settings=\"{&quot;_animation&quot;:&quot;fadeInRight&quot;}\" data-widget_type=\"heading.default\">\n\t\t\t\t<div class=\"elementor-widget-container\">\n\t\t\t\t\t<h2 class=\"elementor-heading-title elementor-size-large\">Kontaktieren Sie mich<\/h2>\t\t\t\t<\/div>\n\t\t\t\t<\/div>\n\t\t\t\t<div class=\"elementor-element elementor-element-3ca1bf4 elementor-widget elementor-widget-qodef_cf7\" data-id=\"3ca1bf4\" data-element_type=\"widget\" data-widget_type=\"qodef_cf7.default\">\n\t\t\t\t<div class=\"elementor-widget-container\">\n\t\t\t\t\t    \n<div class=\"wpcf7 no-js\" id=\"wpcf7-f846-o1\" lang=\"en-US\" dir=\"ltr\" data-wpcf7-id=\"846\">\n<div class=\"screen-reader-response\"><p role=\"status\" aria-live=\"polite\" aria-atomic=\"true\"><\/p> <ul><\/ul><\/div>\n<form action=\"\/en\/wp-json\/wp\/v2\/pages\/11510#wpcf7-f846-o1\" method=\"post\" class=\"wpcf7-form init cf7_custom_style_1\" aria-label=\"Contact form\" novalidate=\"novalidate\" data-status=\"init\">\n<fieldset class=\"hidden-fields-container\"><input type=\"hidden\" name=\"_wpcf7\" value=\"846\" \/><input type=\"hidden\" name=\"_wpcf7_version\" value=\"6.1.4\" \/><input type=\"hidden\" name=\"_wpcf7_locale\" value=\"en_US\" \/><input type=\"hidden\" name=\"_wpcf7_unit_tag\" value=\"wpcf7-f846-o1\" \/><input type=\"hidden\" name=\"_wpcf7_container_post\" value=\"0\" \/><input type=\"hidden\" name=\"_wpcf7_posted_data_hash\" value=\"\" \/><input type=\"hidden\" name=\"_wpcf7_recaptcha_response\" value=\"\" \/>\n<\/fieldset>\n<div class=\"qodef-grid-row qodef-grid-small-gutter\">\n   <div class=\"qodef-grid-col-6\">\n      <span class=\"wpcf7-form-control-wrap\" data-name=\"your-full-name\"><input size=\"40\" maxlength=\"400\" class=\"wpcf7-form-control wpcf7-text wpcf7-validates-as-required\" aria-required=\"true\" aria-invalid=\"false\" placeholder=\"Name\" value=\"\" type=\"text\" name=\"your-full-name\" \/><\/span>\n   <\/div>\n\n   <div class=\"qodef-grid-col-6\">\n      <span class=\"wpcf7-form-control-wrap\" data-name=\"your-company\"><input size=\"40\" maxlength=\"400\" class=\"wpcf7-form-control wpcf7-text wpcf7-validates-as-required\" aria-required=\"true\" aria-invalid=\"false\" placeholder=\"Firma\" value=\"\" type=\"text\" name=\"your-company\" \/><\/span>\n   <\/div>\n<\/div>\n\n<div class=\"qodef-grid-row qodef-grid-small-gutter\">\n   <div class=\"qodef-grid-col-12\">\n      <span class=\"wpcf7-form-control-wrap\" data-name=\"your-email\"><input size=\"40\" maxlength=\"400\" class=\"wpcf7-form-control wpcf7-email wpcf7-validates-as-required wpcf7-text wpcf7-validates-as-email\" aria-required=\"true\" aria-invalid=\"false\" placeholder=\"Ihre E-Mail\" value=\"\" type=\"email\" name=\"your-email\" \/><\/span>\n   <\/div>\n<\/div>\n\n<div class=\"qodef-grid-row\">\n   <div class=\"qodef-grid-col-12\">\n      <span class=\"wpcf7-form-control-wrap\" data-name=\"your-message\"><textarea cols=\"40\" rows=\"10\" maxlength=\"2000\" class=\"wpcf7-form-control wpcf7-textarea wpcf7-validates-as-required\" aria-required=\"true\" aria-invalid=\"false\" placeholder=\"Nachricht\" name=\"your-message\"><\/textarea><\/span>\n   <\/div>\n<\/div>\n\n<span style=\"display: block; margin-right: 0px; margin-top: 10px; text-align: right\"><button class=\"wpcf7-form-control wpcf7-submit qodef-btn qodef-btn-medium qodef-btn-outline qodef-btn-after\" type=\"submit\"><span class=\"qodef-btn-text\">Abschicken!<\/span><\/button><\/span><div class=\"wpcf7-response-output\" aria-hidden=\"true\"><\/div>\n<\/form>\n<\/div>\n\t\t\t\t<\/div>\n\t\t\t\t<\/div>\n\t\t\t\t\t<\/div>\n\t\t<\/div>\n\t\t\t\t\t<\/div>\n\t\t<\/section>\n\t\t\t\t<section class=\"elementor-section elementor-top-section elementor-element elementor-element-9672664 elementor-section-boxed elementor-section-height-default elementor-section-height-default qodef-parallax-row-no qodef-content-aligment-left qodef-row-grid-no qodef-disabled-bg-image-bellow-no\" data-id=\"9672664\" data-element_type=\"section\">\n\t\t\t\t\t\t<div class=\"elementor-container elementor-column-gap-default\">\n\t\t\t\t\t<div class=\"elementor-column elementor-col-100 elementor-top-column elementor-element elementor-element-9c54b14\" data-id=\"9c54b14\" data-element_type=\"column\">\n\t\t\t<div class=\"elementor-widget-wrap elementor-element-populated\">\n\t\t\t\t\t\t<div class=\"elementor-element elementor-element-2b4a1a2 elementor-widget elementor-widget-spacer\" data-id=\"2b4a1a2\" data-element_type=\"widget\" data-widget_type=\"spacer.default\">\n\t\t\t\t<div class=\"elementor-widget-container\">\n\t\t\t\t\t\t\t<div class=\"elementor-spacer\">\n\t\t\t<div class=\"elementor-spacer-inner\"><\/div>\n\t\t<\/div>\n\t\t\t\t\t\t<\/div>\n\t\t\t\t<\/div>\n\t\t\t\t\t<\/div>\n\t\t<\/div>\n\t\t\t\t\t<\/div>\n\t\t<\/section>\n\t\t\t\t<section class=\"elementor-section elementor-top-section elementor-element elementor-element-20468d8 elementor-section-boxed elementor-section-height-default elementor-section-height-default qodef-parallax-row-no qodef-content-aligment-left qodef-row-grid-no qodef-disabled-bg-image-bellow-no\" data-id=\"20468d8\" data-element_type=\"section\">\n\t\t\t\t\t\t<div class=\"elementor-container elementor-column-gap-default\">\n\t\t\t\t\t<div class=\"elementor-column elementor-col-100 elementor-top-column elementor-element elementor-element-4b16dac\" data-id=\"4b16dac\" data-element_type=\"column\">\n\t\t\t<div class=\"elementor-widget-wrap elementor-element-populated\">\n\t\t\t\t\t\t<div class=\"elementor-element elementor-element-b6bbccd animated-fast elementor-invisible elementor-widget elementor-widget-heading\" data-id=\"b6bbccd\" data-element_type=\"widget\" data-settings=\"{&quot;_animation&quot;:&quot;fadeInLeft&quot;}\" data-widget_type=\"heading.default\">\n\t\t\t\t<div class=\"elementor-widget-container\">\n\t\t\t\t\t<h2 class=\"elementor-heading-title elementor-size-xxl\">Stimmen<\/h2>\t\t\t\t<\/div>\n\t\t\t\t<\/div>\n\t\t\t\t\t<\/div>\n\t\t<\/div>\n\t\t\t\t\t<\/div>\n\t\t<\/section>\n\t\t\t\t<section class=\"elementor-section elementor-top-section elementor-element elementor-element-dfd265f animated-fast elementor-section-boxed elementor-section-height-default elementor-section-height-default qodef-parallax-row-no qodef-content-aligment-left qodef-row-grid-no qodef-disabled-bg-image-bellow-no elementor-invisible\" data-id=\"dfd265f\" data-element_type=\"section\" data-settings=\"{&quot;animation&quot;:&quot;fadeInUp&quot;}\">\n\t\t\t\t\t\t<div class=\"elementor-container elementor-column-gap-default\">\n\t\t\t\t\t<div class=\"elementor-column elementor-col-100 elementor-top-column elementor-element elementor-element-f29ed61\" data-id=\"f29ed61\" data-element_type=\"column\">\n\t\t\t<div class=\"elementor-widget-wrap elementor-element-populated\">\n\t\t\t\t\t\t<div class=\"elementor-element elementor-element-45f4fb0 elementor-widget elementor-widget-qi_addons_for_elementor_testimonials_slider\" data-id=\"45f4fb0\" data-element_type=\"widget\" data-widget_type=\"qi_addons_for_elementor_testimonials_slider.default\">\n\t\t\t\t<div class=\"elementor-widget-container\">\n\t\t\t\t\t<div class=\"qodef-shortcode qodef-m qodef-qi-testimonials-slider qodef--swiper-fade qodef-qi-grid qodef-qi-swiper-container qodef-item-layout--side-with-image qodef-pagination--outside qodef-pagination-alignment--center\" data-options=\"{&quot;direction&quot;:&quot;horizontal&quot;,&quot;slidesPerView&quot;:&quot;1&quot;,&quot;spaceBetween&quot;:30,&quot;spaceBetweenTablet&quot;:30,&quot;spaceBetweenMobile&quot;:30,&quot;effect&quot;:&quot;&quot;,&quot;loop&quot;:true,&quot;autoplay&quot;:false,&quot;centeredSlides&quot;:true,&quot;speed&quot;:&quot;10000&quot;,&quot;speedAnimation&quot;:&quot;&quot;,&quot;outsideNavigation&quot;:&quot;no&quot;,&quot;outsidePagination&quot;:&quot;yes&quot;,&quot;unique&quot;:&quot;2&quot;,&quot;partialValue&quot;:0,&quot;disablePartialValue&quot;:&quot;&quot;,&quot;parallax&quot;:&quot;no&quot;}\">\n\t<div class=\"swiper-wrapper\">\n\t\t<div class=\"qodef-e swiper-slide elementor-repeater-item-4c38c94\">\n\t<div class=\"qodef-e-inner\">\n\t\t<div class=\"qodef-e-side\">\n\t\t\t\t<div class=\"qodef-e-media-image\">\n\t\t<img loading=\"lazy\" decoding=\"async\" width=\"1707\" height=\"2560\" src=\"https:\/\/erikamagyarosi.com\/wp-content\/uploads\/2023\/06\/Marion--scaled.jpg\" class=\"attachment-full size-full\" alt=\"\" srcset=\"https:\/\/erikamagyarosi.com\/wp-content\/uploads\/2023\/06\/Marion--scaled.jpg 1707w, https:\/\/erikamagyarosi.com\/wp-content\/uploads\/2023\/06\/Marion--200x300.jpg 200w, https:\/\/erikamagyarosi.com\/wp-content\/uploads\/2023\/06\/Marion--683x1024.jpg 683w, https:\/\/erikamagyarosi.com\/wp-content\/uploads\/2023\/06\/Marion--768x1152.jpg 768w, https:\/\/erikamagyarosi.com\/wp-content\/uploads\/2023\/06\/Marion--1024x1536.jpg 1024w, https:\/\/erikamagyarosi.com\/wp-content\/uploads\/2023\/06\/Marion--1366x2048.jpg 1366w, https:\/\/erikamagyarosi.com\/wp-content\/uploads\/2023\/06\/Marion--8x12.jpg 8w\" sizes=\"auto, (max-width: 1707px) 100vw, 1707px\" \/>\t<\/div>\n\t\t\t\t<div class=\"qodef-e-quote\">\n\t\t<svg class=\"qodef-e-quote-icon\" xmlns=\"http:\/\/www.w3.org\/2000\/svg\" x=\"0px\" y=\"0px\" viewBox=\"0 0 190.5 148\" xml:space=\"preserve\"><g><path d=\"M37.7,146.3L2.1,124.6C19.3,100,28.2,74.1,28.8,46.7V2.3H90v38.8c0,19.3-5,38.8-15.1,58.4C64.9,119,52.5,134.6,37.7,146.3z M133.7,146.3l-35.6-21.7c17.2-24.5,26.2-50.5,26.8-77.9V2.3h61.2v38.8c0,19.3-5,38.8-15.1,58.4C160.9,119,148.5,134.6,133.7,146.3z\"\/><\/g><\/svg>\t<\/div>\n\t\t\t<\/div>\n\t\t<div class=\"qodef-e-content\">\n\t\t\t\t<h3 class=\"qodef-e-title\">\n\t\tDer Funke springt in jeder Veranstaltung \u00fcber, egal ob vor Ort oder Online\t<\/h3>\n\t\t\t\t\t<p itemprop=\"description\" class=\"qodef-e-text\">Seit vielen Jahren veranstaltet die Bosch-Jugendhilfe im Rahmen ihrer Sch\u00fclerf\u00f6rderung f\u00fcr Mitarbeiterkinder von Bosch Workshops und Seminare f\u00fcr Sch\u00fclerinnen und Sch\u00fcler, die Erika Magyarosi als Trainerin leitet.\nIhre Empathie den Kindern und Jugendlichen gegen\u00fcber ist \u00fcberw\u00e4ltigend. Der Funke springt in jeder Veranstaltung \u00fcber, egal ob vor Ort oder Online.\nDie Ideen f\u00fcr neue Themen gehen Erika nicht aus und so k\u00f6nnen die Teilnehmenden auf Gelerntem aufbauen oder sich mit Neuem befassen. Bei der Verabschiedung freuen sie sich schon auf den n\u00e4chsten Termin.\nBeispiele unserer aktuellen Veranstaltungen: \u201eFokus - die Macht der Konzentration\u201c, \u201eErstaunlich gute Referate halten&quot;, \u201ePower! Das neue Zeitmanagement ist Energiemanagement\u201c, \u201eFinde deinen Traumjob\u201c, \u201eMnemonik und Ged\u00e4chtnisstrategien\u201c\nwww.bosch-jugendhilfe.de\n<\/p>\n\t\t\t\t<div class=\"qodef-e-author\">\n\t\t<h4 class=\"qodef-e-author-name\">Marion Oertel- Nau<\/h4>\n\t\t\t\t\t<span class=\"qodef-e-author-job\">Leiterin Bosch Jugendhilfe www.bosch.de\/news-and-stories\/jugendhilfe-interview-marion-oertel-nau\/<\/span>\n\t\t\t<\/div>\n\t\t<\/div>\n\t<\/div>\n<\/div>\n<div class=\"qodef-e swiper-slide elementor-repeater-item-6957c2d\">\n\t<div class=\"qodef-e-inner\">\n\t\t<div class=\"qodef-e-side\">\n\t\t\t\t<div class=\"qodef-e-media-image\">\n\t\t<img loading=\"lazy\" decoding=\"async\" width=\"959\" height=\"1343\" src=\"https:\/\/erikamagyarosi.com\/wp-content\/uploads\/2023\/06\/Valerie-.jpg\" class=\"attachment-full size-full\" alt=\"\" srcset=\"https:\/\/erikamagyarosi.com\/wp-content\/uploads\/2023\/06\/Valerie-.jpg 959w, https:\/\/erikamagyarosi.com\/wp-content\/uploads\/2023\/06\/Valerie--214x300.jpg 214w, https:\/\/erikamagyarosi.com\/wp-content\/uploads\/2023\/06\/Valerie--731x1024.jpg 731w, https:\/\/erikamagyarosi.com\/wp-content\/uploads\/2023\/06\/Valerie--768x1076.jpg 768w, https:\/\/erikamagyarosi.com\/wp-content\/uploads\/2023\/06\/Valerie--9x12.jpg 9w\" sizes=\"auto, (max-width: 959px) 100vw, 959px\" \/>\t<\/div>\n\t\t\t\t<div class=\"qodef-e-quote\">\n\t\t<svg class=\"qodef-e-quote-icon\" xmlns=\"http:\/\/www.w3.org\/2000\/svg\" x=\"0px\" y=\"0px\" viewBox=\"0 0 190.5 148\" xml:space=\"preserve\"><g><path d=\"M37.7,146.3L2.1,124.6C19.3,100,28.2,74.1,28.8,46.7V2.3H90v38.8c0,19.3-5,38.8-15.1,58.4C64.9,119,52.5,134.6,37.7,146.3z M133.7,146.3l-35.6-21.7c17.2-24.5,26.2-50.5,26.8-77.9V2.3h61.2v38.8c0,19.3-5,38.8-15.1,58.4C160.9,119,148.5,134.6,133.7,146.3z\"\/><\/g><\/svg>\t<\/div>\n\t\t\t<\/div>\n\t\t<div class=\"qodef-e-content\">\n\t\t\t\t<h3 class=\"qodef-e-title\">\n\t\t Exzellent und im positivsten Sinne \u00fcberraschend gestaltet\t<\/h3>\n\t\t\t\t\t<p itemprop=\"description\" class=\"qodef-e-text\">Die Veranstaltung \u201eKarrierechancen f\u00fcr GeisteswissenschaftlerInnen\u201c im Rahmen der Graduierten Akademie (Universit\u00e4t T\u00fcbingen) bietet ein vielf\u00e4ltiges Programm zur Orientierung auf dem eigenen Karrierepfad. In einem sicheren und ehrlichen Rahmen werden die eigenen St\u00e4rken sondiert, wertvolle Tipps und Tricks f\u00fcr die Jobsuche aufgezeigt sowie ein kompetent angeleiteter Blick \u00fcber den Tellerrand \u201eklassischer Forschungsprofile\u201c gewagt. Exzellent und im positivsten Sinne \u00fcberraschend gestaltet, hat mir die Veranstaltung beim Beantworten der wichtigsten Fragen f\u00fcr meine Zukunftsgestaltung geholfen und mir neue Wege aufgezeigt.<\/p>\n\t\t\t\t<div class=\"qodef-e-author\">\n\t\t<h4 class=\"qodef-e-author-name\">Dr. Valerie Elena Palmowski M.A.<\/h4>\n\t\t\t\t\t<span class=\"qodef-e-author-job\">Wissenschaftliche Mitarbeiterin an der Universit\u00e4t Bonn<\/span>\n\t\t\t<\/div>\n\t\t<\/div>\n\t<\/div>\n<\/div>\n<div class=\"qodef-e swiper-slide elementor-repeater-item-225e0e9\">\n\t<div class=\"qodef-e-inner\">\n\t\t<div class=\"qodef-e-side\">\n\t\t\t\t<div class=\"qodef-e-media-image\">\n\t\t<img loading=\"lazy\" decoding=\"async\" width=\"400\" height=\"400\" src=\"https:\/\/erikamagyarosi.com\/wp-content\/uploads\/2022\/06\/Diozaese.png\" class=\"attachment-full size-full\" alt=\"\" srcset=\"https:\/\/erikamagyarosi.com\/wp-content\/uploads\/2022\/06\/Diozaese.png 400w, https:\/\/erikamagyarosi.com\/wp-content\/uploads\/2022\/06\/Diozaese-300x300.png 300w, https:\/\/erikamagyarosi.com\/wp-content\/uploads\/2022\/06\/Diozaese-150x150.png 150w, https:\/\/erikamagyarosi.com\/wp-content\/uploads\/2022\/06\/Diozaese-12x12.png 12w\" sizes=\"auto, (max-width: 400px) 100vw, 400px\" \/>\t<\/div>\n\t\t\t\t<div class=\"qodef-e-quote\">\n\t\t<svg class=\"qodef-e-quote-icon\" xmlns=\"http:\/\/www.w3.org\/2000\/svg\" x=\"0px\" y=\"0px\" viewBox=\"0 0 190.5 148\" xml:space=\"preserve\"><g><path d=\"M37.7,146.3L2.1,124.6C19.3,100,28.2,74.1,28.8,46.7V2.3H90v38.8c0,19.3-5,38.8-15.1,58.4C64.9,119,52.5,134.6,37.7,146.3z M133.7,146.3l-35.6-21.7c17.2-24.5,26.2-50.5,26.8-77.9V2.3h61.2v38.8c0,19.3-5,38.8-15.1,58.4C160.9,119,148.5,134.6,133.7,146.3z\"\/><\/g><\/svg>\t<\/div>\n\t\t\t<\/div>\n\t\t<div class=\"qodef-e-content\">\n\t\t\t\t<h3 class=\"qodef-e-title\">\n\t\tDaf\u00fcr m\u00f6chte ich DANKE sagen.\t<\/h3>\n\t\t\t\t\t<p itemprop=\"description\" class=\"qodef-e-text\">Ich bin dir super dankbar, dass du mit mir dieses Coaching gemacht\nhast. \nDu hast mir die verschiedenen Tools zur Arbeitsorganisation nicht nur\nvorgestellt, sondern vor allem hast du mir deren Mehrwert aufgezeigt.\nDie Umsetzung (aufger\u00e4umtes Postfach, Post\/Arbeitsauftr\u00e4ge nach\nDringlichkeit sortieren, Kalender als Todo-Liste nutzen) war kurz viel\nArbeit, allerdings habe ich anschlie\u00dfend super schnell gemerkt, wie die\nStrukturierung den &quot;Druck&quot; aus meinem Arbeitsalltag nimmt. \nDie Grundidee davon hatte ich schon l\u00e4nger im Kopf. Es hat sich aber\nimmer wieder der Gedanke breitgemacht, dass sich der Aufwand nicht\nlohnen w\u00fcrde. Du hast mir das Gegenteil &quot;bewiesen&quot;.\nDaf\u00fcr m\u00f6chte ich DANKE sagen.\n\nGanz liebe Gr\u00fc\u00dfe\nJana Katz\n\n\n\n\n\nBisch\u00f6fliches Ordinariat  Stuttgart, Rottenburg| Personalverwaltung <\/p>\n\t\t\t\t<div class=\"qodef-e-author\">\n\t\t<h4 class=\"qodef-e-author-name\">Jana Katz<\/h4>\n\t\t\t\t\t<span class=\"qodef-e-author-job\">Personalverwaltung <\/span>\n\t\t\t<\/div>\n\t\t<\/div>\n\t<\/div>\n<\/div>\n\t<\/div>\n\t<\/div>\n\t<div class=\"swiper-pagination qodef-swiper-pagination-outside swiper-pagination-2\"><\/div>\n\t\t\t\t<\/div>\n\t\t\t\t<\/div>\n\t\t\t\t\t<\/div>\n\t\t<\/div>\n\t\t\t\t\t<\/div>\n\t\t<\/section>\n\t\t\t\t<section class=\"elementor-section elementor-top-section elementor-element elementor-element-b0ff92f animated-fast elementor-section-boxed elementor-section-height-default elementor-section-height-default qodef-parallax-row-no qodef-content-aligment-left qodef-row-grid-no qodef-disabled-bg-image-bellow-no\" data-id=\"b0ff92f\" data-element_type=\"section\" data-settings=\"{&quot;animation&quot;:&quot;none&quot;,&quot;background_background&quot;:&quot;classic&quot;}\">\n\t\t\t\t\t\t<div class=\"elementor-container elementor-column-gap-default\">\n\t\t\t\t\t<div class=\"elementor-column elementor-col-100 elementor-top-column elementor-element elementor-element-77f07bf\" data-id=\"77f07bf\" data-element_type=\"column\">\n\t\t\t<div class=\"elementor-widget-wrap elementor-element-populated\">\n\t\t\t\t\t\t<div class=\"elementor-element elementor-element-5f2638c elementor-align-center elementor-widget elementor-widget-button\" data-id=\"5f2638c\" data-element_type=\"widget\" data-widget_type=\"button.default\">\n\t\t\t\t<div class=\"elementor-widget-container\">\n\t\t\t\t\t\t\t\t\t<div class=\"elementor-button-wrapper\">\n\t\t\t\t\t<a class=\"elementor-button elementor-button-link elementor-size-sm\" href=\"https:\/\/erikamagyarosi.com\/referenzen\" target=\"_blank\">\n\t\t\t\t\t\t<span class=\"elementor-button-content-wrapper\">\n\t\t\t\t\t\t<span class=\"elementor-button-icon\">\n\t\t\t\t<i aria-hidden=\"true\" class=\"far fa-share-square\"><\/i>\t\t\t<\/span>\n\t\t\t\t\t\t\t\t\t<span class=\"elementor-button-text\">Alle Referenzen<\/span>\n\t\t\t\t\t<\/span>\n\t\t\t\t\t<\/a>\n\t\t\t\t<\/div>\n\t\t\t\t\t\t\t\t<\/div>\n\t\t\t\t<\/div>\n\t\t\t\t\t<\/div>\n\t\t<\/div>\n\t\t\t\t\t<\/div>\n\t\t<\/section>\n\t\t\t\t<\/div>\n\t\t","protected":false},"excerpt":{"rendered":"<p>Dipl.-Phil. Erika Magyarosi M.A. mail@impetus-seminare.de +49 (0) 7071 1472479 www.linkedin.com\/in\/erika-magyarosi-impetus Christophstra\u00dfe 18 | 72072 T\u00fcbingen Termin vereinbaren! Hier klicken! Kontaktieren [&hellip;]<\/p>\n","protected":false},"author":3,"featured_media":0,"parent":0,"menu_order":19,"comment_status":"closed","ping_status":"closed","template":"","meta":{"_eb_attr":"","footnotes":""},"wf_page_folders":[77],"class_list":["post-11510","page","type-page","status-publish","hentry"],"_links":{"self":[{"href":"https:\/\/erikamagyarosi.com\/en\/wp-json\/wp\/v2\/pages\/11510","targetHints":{"allow":["GET"]}}],"collection":[{"href":"https:\/\/erikamagyarosi.com\/en\/wp-json\/wp\/v2\/pages"}],"about":[{"href":"https:\/\/erikamagyarosi.com\/en\/wp-json\/wp\/v2\/types\/page"}],"author":[{"embeddable":true,"href":"https:\/\/erikamagyarosi.com\/en\/wp-json\/wp\/v2\/users\/3"}],"replies":[{"embeddable":true,"href":"https:\/\/erikamagyarosi.com\/en\/wp-json\/wp\/v2\/comments?post=11510"}],"version-history":[{"count":470,"href":"https:\/\/erikamagyarosi.com\/en\/wp-json\/wp\/v2\/pages\/11510\/revisions"}],"predecessor-version":[{"id":14559,"href":"https:\/\/erikamagyarosi.com\/en\/wp-json\/wp\/v2\/pages\/11510\/revisions\/14559"}],"wp:attachment":[{"href":"https:\/\/erikamagyarosi.com\/en\/wp-json\/wp\/v2\/media?parent=11510"}],"wp:term":[{"taxonomy":"wf_page_folders","embeddable":true,"href":"https:\/\/erikamagyarosi.com\/en\/wp-json\/wp\/v2\/wf_page_folders?post=11510"}],"curies":[{"name":"wp","href":"https:\/\/api.w.org\/{rel}","templated":true}]}}