{"id":14861,"date":"2025-07-24T14:28:32","date_gmt":"2025-07-24T14:28:32","guid":{"rendered":"https:\/\/erikamagyarosi.com\/?page_id=14861"},"modified":"2025-08-26T00:04:24","modified_gmt":"2025-08-26T00:04:24","slug":"newsletter","status":"publish","type":"page","link":"https:\/\/erikamagyarosi.com\/de\/newsletter","title":{"rendered":"Newsletter"},"content":{"rendered":"<div data-elementor-type=\"wp-page\" data-elementor-id=\"14861\" class=\"elementor elementor-14861\">\n\t\t\t\t\t\t<section class=\"elementor-section elementor-top-section elementor-element elementor-element-25aaf78 elementor-section-boxed elementor-section-height-default elementor-section-height-default qodef-parallax-row-no qodef-content-aligment-left qodef-row-grid-no qodef-disabled-bg-image-bellow-no\" data-id=\"25aaf78\" data-element_type=\"section\">\n\t\t\t\t\t\t<div class=\"elementor-container elementor-column-gap-default\">\n\t\t\t\t\t<div class=\"elementor-column elementor-col-100 elementor-top-column elementor-element elementor-element-afb98d7\" data-id=\"afb98d7\" data-element_type=\"column\">\n\t\t\t<div class=\"elementor-widget-wrap\">\n\t\t\t\t\t\t\t<\/div>\n\t\t<\/div>\n\t\t\t\t\t<\/div>\n\t\t<\/section>\n\t\t\t\t<section class=\"elementor-section elementor-top-section elementor-element elementor-element-fc6fd49 elementor-section-full_width elementor-section-height-min-height elementor-section-content-middle elementor-hidden-tablet elementor-hidden-mobile elementor-section-height-default elementor-section-items-middle qodef-parallax-row-no qodef-content-aligment-left qodef-row-grid-no qodef-disabled-bg-image-bellow-no\" data-id=\"fc6fd49\" data-element_type=\"section\" data-settings=\"{&quot;background_background&quot;:&quot;classic&quot;}\">\n\t\t\t\t\t\t<div class=\"elementor-container elementor-column-gap-default\">\n\t\t\t\t\t<div class=\"elementor-column elementor-col-100 elementor-top-column elementor-element elementor-element-4ca0bd1\" data-id=\"4ca0bd1\" data-element_type=\"column\">\n\t\t\t<div class=\"elementor-widget-wrap elementor-element-populated\">\n\t\t\t\t\t\t<section class=\"elementor-section elementor-inner-section elementor-element elementor-element-6eac029 elementor-section-boxed elementor-section-height-default elementor-section-height-default qodef-parallax-row-no qodef-content-aligment-left qodef-row-grid-no qodef-disabled-bg-image-bellow-no\" data-id=\"6eac029\" data-element_type=\"section\">\n\t\t\t\t\t\t<div class=\"elementor-container elementor-column-gap-no\">\n\t\t\t\t\t<div class=\"elementor-column elementor-col-50 elementor-inner-column elementor-element elementor-element-568ddf9\" data-id=\"568ddf9\" data-element_type=\"column\">\n\t\t\t<div class=\"elementor-widget-wrap\">\n\t\t\t\t\t\t\t<\/div>\n\t\t<\/div>\n\t\t\t\t<div class=\"elementor-column elementor-col-50 elementor-inner-column elementor-element elementor-element-2511912\" data-id=\"2511912\" data-element_type=\"column\">\n\t\t\t<div class=\"elementor-widget-wrap elementor-element-populated\">\n\t\t\t\t\t\t<div class=\"elementor-element elementor-element-7045e7f elementor-widget elementor-widget-image\" data-id=\"7045e7f\" data-element_type=\"widget\" data-widget_type=\"image.default\">\n\t\t\t\t<div class=\"elementor-widget-container\">\n\t\t\t\t\t\t\t\t\t\t\t\t\t\t\t<img loading=\"lazy\" decoding=\"async\" width=\"128\" height=\"128\" src=\"https:\/\/erikamagyarosi.com\/wp-content\/uploads\/2021\/08\/logo-128.png\" class=\"attachment-full size-full wp-image-8442\" alt=\"\" \/>\t\t\t\t\t\t\t\t\t\t\t\t\t\t\t<\/div>\n\t\t\t\t<\/div>\n\t\t\t\t<div class=\"elementor-element elementor-element-1a75daf elementor-widget elementor-widget-heading\" data-id=\"1a75daf\" data-element_type=\"widget\" data-widget_type=\"heading.default\">\n\t\t\t\t<div class=\"elementor-widget-container\">\n\t\t\t\t\t<h1 class=\"elementor-heading-title elementor-size-default\">Happy Brain, Happy Life!<\/h1>\t\t\t\t<\/div>\n\t\t\t\t<\/div>\n\t\t\t\t<div class=\"elementor-element elementor-element-a3e199f elementor-widget__width-initial elementor-widget elementor-widget-text-editor\" data-id=\"a3e199f\" data-element_type=\"widget\" data-widget_type=\"text-editor.default\">\n\t\t\t\t<div class=\"elementor-widget-container\">\n\t\t\t\t\t\t\t\t\t<p>Die eine E-Mail, f\u00fcr die Ihr Gehirn Ihnen wirklich danken wird!<\/p>\t\t\t\t\t\t\t\t<\/div>\n\t\t\t\t<\/div>\n\t\t\t\t<div class=\"elementor-element elementor-element-85bf7d3 elementor-align-left elementor-widget__width-initial elementor-tablet-align-left elementor-mobile-align-left elementor-widget-tablet__width-initial elementor-widget elementor-widget-button\" data-id=\"85bf7d3\" data-element_type=\"widget\" data-widget_type=\"button.default\">\n\t\t\t\t<div class=\"elementor-widget-container\">\n\t\t\t\t\t\t\t\t\t<div class=\"elementor-button-wrapper\">\n\t\t\t\t\t<a class=\"elementor-button elementor-button-link elementor-size-sm\" href=\"https:\/\/online.erikamagyarosi.com\/happy-letter-signup\">\n\t\t\t\t\t\t<span class=\"elementor-button-content-wrapper\">\n\t\t\t\t\t\t<span class=\"elementor-button-icon\">\n\t\t\t\t<i aria-hidden=\"true\" class=\"far fa-envelope\"><\/i>\t\t\t<\/span>\n\t\t\t\t\t\t\t\t\t<span class=\"elementor-button-text\">Hier anmelden<\/span>\n\t\t\t\t\t<\/span>\n\t\t\t\t\t<\/a>\n\t\t\t\t<\/div>\n\t\t\t\t\t\t\t\t<\/div>\n\t\t\t\t<\/div>\n\t\t\t\t\t<\/div>\n\t\t<\/div>\n\t\t\t\t\t<\/div>\n\t\t<\/section>\n\t\t\t\t\t<\/div>\n\t\t<\/div>\n\t\t\t\t\t<\/div>\n\t\t<\/section>\n\t\t\t\t<section class=\"elementor-section elementor-top-section elementor-element elementor-element-7b04062 elementor-section-full_width elementor-section-height-min-height elementor-section-content-middle elementor-hidden-desktop elementor-section-height-default elementor-section-items-middle qodef-parallax-row-no qodef-content-aligment-left qodef-row-grid-no qodef-disabled-bg-image-bellow-no\" data-id=\"7b04062\" data-element_type=\"section\" data-settings=\"{&quot;background_background&quot;:&quot;classic&quot;}\">\n\t\t\t\t\t\t<div class=\"elementor-container elementor-column-gap-default\">\n\t\t\t\t\t<div class=\"elementor-column elementor-col-100 elementor-top-column elementor-element elementor-element-23d6d4d\" data-id=\"23d6d4d\" data-element_type=\"column\">\n\t\t\t<div class=\"elementor-widget-wrap elementor-element-populated\">\n\t\t\t\t\t\t<section class=\"elementor-section elementor-inner-section elementor-element elementor-element-bb6c078 elementor-section-boxed elementor-section-height-default elementor-section-height-default qodef-parallax-row-no qodef-content-aligment-left qodef-row-grid-no qodef-disabled-bg-image-bellow-no\" data-id=\"bb6c078\" data-element_type=\"section\">\n\t\t\t\t\t\t<div class=\"elementor-container elementor-column-gap-no\">\n\t\t\t\t\t<div class=\"elementor-column elementor-col-50 elementor-inner-column elementor-element elementor-element-2454425 elementor-hidden-mobile\" data-id=\"2454425\" data-element_type=\"column\">\n\t\t\t<div class=\"elementor-widget-wrap\">\n\t\t\t\t\t\t\t<\/div>\n\t\t<\/div>\n\t\t\t\t<div class=\"elementor-column elementor-col-50 elementor-inner-column elementor-element elementor-element-92c0e4a\" data-id=\"92c0e4a\" data-element_type=\"column\">\n\t\t\t<div class=\"elementor-widget-wrap elementor-element-populated\">\n\t\t\t\t\t\t<div class=\"elementor-element elementor-element-9ee5b1e elementor-widget elementor-widget-image\" data-id=\"9ee5b1e\" data-element_type=\"widget\" data-widget_type=\"image.default\">\n\t\t\t\t<div class=\"elementor-widget-container\">\n\t\t\t\t\t\t\t\t\t\t\t\t\t\t\t<img loading=\"lazy\" decoding=\"async\" width=\"128\" height=\"128\" src=\"https:\/\/erikamagyarosi.com\/wp-content\/uploads\/2021\/08\/logo-128.png\" class=\"attachment-full size-full wp-image-8442\" alt=\"\" \/>\t\t\t\t\t\t\t\t\t\t\t\t\t\t\t<\/div>\n\t\t\t\t<\/div>\n\t\t\t\t<div class=\"elementor-element elementor-element-bc94b8c elementor-widget elementor-widget-heading\" data-id=\"bc94b8c\" data-element_type=\"widget\" data-widget_type=\"heading.default\">\n\t\t\t\t<div class=\"elementor-widget-container\">\n\t\t\t\t\t<h1 class=\"elementor-heading-title elementor-size-default\">Happy Brain, Happy Life!<\/h1>\t\t\t\t<\/div>\n\t\t\t\t<\/div>\n\t\t\t\t<div class=\"elementor-element elementor-element-301c239 elementor-widget__width-initial elementor-widget elementor-widget-text-editor\" data-id=\"301c239\" data-element_type=\"widget\" data-widget_type=\"text-editor.default\">\n\t\t\t\t<div class=\"elementor-widget-container\">\n\t\t\t\t\t\t\t\t\t<p>Die eine E-Mail, f\u00fcr die Ihr Gehirn Ihnen wirklich danken wird!<\/p>\t\t\t\t\t\t\t\t<\/div>\n\t\t\t\t<\/div>\n\t\t\t\t<div class=\"elementor-element elementor-element-0d5468e elementor-align-left elementor-widget__width-initial elementor-tablet-align-left elementor-mobile-align-left elementor-widget-tablet__width-initial elementor-widget elementor-widget-button\" data-id=\"0d5468e\" data-element_type=\"widget\" data-widget_type=\"button.default\">\n\t\t\t\t<div class=\"elementor-widget-container\">\n\t\t\t\t\t\t\t\t\t<div class=\"elementor-button-wrapper\">\n\t\t\t\t\t<a class=\"elementor-button elementor-button-link elementor-size-sm\" href=\"https:\/\/online.erikamagyarosi.com\/happy-letter-signup\">\n\t\t\t\t\t\t<span class=\"elementor-button-content-wrapper\">\n\t\t\t\t\t\t<span class=\"elementor-button-icon\">\n\t\t\t\t<i aria-hidden=\"true\" class=\"far fa-envelope\"><\/i>\t\t\t<\/span>\n\t\t\t\t\t\t\t\t\t<span class=\"elementor-button-text\">Hier anmelden<\/span>\n\t\t\t\t\t<\/span>\n\t\t\t\t\t<\/a>\n\t\t\t\t<\/div>\n\t\t\t\t\t\t\t\t<\/div>\n\t\t\t\t<\/div>\n\t\t\t\t\t<\/div>\n\t\t<\/div>\n\t\t\t\t\t<\/div>\n\t\t<\/section>\n\t\t\t\t\t<\/div>\n\t\t<\/div>\n\t\t\t\t\t<\/div>\n\t\t<\/section>\n\t\t\t\t<section class=\"elementor-section elementor-top-section elementor-element elementor-element-dddd52f elementor-section-boxed elementor-section-height-default elementor-section-height-default qodef-parallax-row-no qodef-content-aligment-left qodef-row-grid-no qodef-disabled-bg-image-bellow-no\" data-id=\"dddd52f\" data-element_type=\"section\">\n\t\t\t\t\t\t<div class=\"elementor-container elementor-column-gap-default\">\n\t\t\t\t\t<div class=\"elementor-column elementor-col-100 elementor-top-column elementor-element elementor-element-0aa72b1\" data-id=\"0aa72b1\" data-element_type=\"column\">\n\t\t\t<div class=\"elementor-widget-wrap elementor-element-populated\">\n\t\t\t\t\t\t<div class=\"elementor-element elementor-element-fb7ea0d elementor-widget elementor-widget-heading\" data-id=\"fb7ea0d\" data-element_type=\"widget\" data-widget_type=\"heading.default\">\n\t\t\t\t<div class=\"elementor-widget-container\">\n\t\t\t\t\t<h1 class=\"elementor-heading-title elementor-size-default\"><p style=\"margin: 0cm;font-size: 12pt;font-family: Aptos, sans-serif;letter-spacing: normal;background-position: initial;background-color: white\"><span style=\"font-size: 28pt;font-family: Montserrat;color: lime;letter-spacing: -0.1pt\"><br><\/span><\/p><p style=\"margin: 0cm;font-size: 12pt;font-family: Aptos, sans-serif;letter-spacing: normal;background-position: initial;background-color: white\"><br><\/p><p style=\"margin: 0cm;font-size: 12pt;font-family: Aptos, sans-serif;letter-spacing: normal;background-position: initial;background-color: white\"><span style=\"font-size: 28pt;font-family: Montserrat;color: lime;letter-spacing: -0.1pt\"><b><span style=\"border-width: 1pt;border-style: none;border-color: windowtext;padding: 0cm\">Jeden Montag erhalten Sie meinen Happy Letter.<\/span><\/b><\/span><\/p><p style=\"margin: 0cm;font-size: 12pt;font-family: Aptos, sans-serif;letter-spacing: normal;background-position: initial;background-color: white\"><b><span style=\"font-size: 28pt;font-family: Montserrat;color: lime;letter-spacing: -0.1pt;border-width: 1pt;border-style: none;border-color: windowtext;padding: 0cm\">Entwickelt, um Ihren Posteingang in einen helleren Ort zu verwandeln.<\/span><\/b><span style=\"font-size: 24pt;font-family: Montserrat;color: lime;letter-spacing: -0.1pt\"><\/span><\/p><p style=\"margin: 0cm;font-size: 12pt;font-family: Aptos, sans-serif;letter-spacing: normal\"><span style=\"font-size: 26pt\">&nbsp;<\/span><span style=\"font-family: Montserrat, sans-serif;font-size: 19.2px;letter-spacing: -0.01em\"><\/span><\/p><\/h1>\t\t\t\t<\/div>\n\t\t\t\t<\/div>\n\t\t\t\t\t<\/div>\n\t\t<\/div>\n\t\t\t\t\t<\/div>\n\t\t<\/section>\n\t\t\t\t<section class=\"elementor-section elementor-top-section elementor-element elementor-element-2421c14 elementor-section-boxed elementor-section-height-default elementor-section-height-default qodef-parallax-row-no qodef-content-aligment-left qodef-row-grid-no qodef-disabled-bg-image-bellow-no\" data-id=\"2421c14\" data-element_type=\"section\">\n\t\t\t\t\t\t<div class=\"elementor-container elementor-column-gap-default\">\n\t\t\t\t\t<div class=\"elementor-column elementor-col-50 elementor-top-column elementor-element elementor-element-c2bc10b\" data-id=\"c2bc10b\" data-element_type=\"column\">\n\t\t\t<div class=\"elementor-widget-wrap elementor-element-populated\">\n\t\t\t\t\t\t<div class=\"elementor-element elementor-element-72a568d elementor-widget elementor-widget-image\" data-id=\"72a568d\" data-element_type=\"widget\" data-widget_type=\"image.default\">\n\t\t\t\t<div class=\"elementor-widget-container\">\n\t\t\t\t\t\t\t\t\t\t\t\t\t\t\t\t<a href=\"https:\/\/online.erikamagyarosi.com\/happy-letter-signup\">\n\t\t\t\t\t\t\t<img loading=\"lazy\" decoding=\"async\" width=\"1024\" height=\"1024\" src=\"https:\/\/erikamagyarosi.com\/wp-content\/uploads\/2025\/08\/Kein-Titel-1024-x-1024-px.webp\" class=\"attachment-large size-large wp-image-15267\" alt=\"\" srcset=\"https:\/\/erikamagyarosi.com\/wp-content\/uploads\/2025\/08\/Kein-Titel-1024-x-1024-px.webp 1024w, https:\/\/erikamagyarosi.com\/wp-content\/uploads\/2025\/08\/Kein-Titel-1024-x-1024-px-300x300.webp 300w, https:\/\/erikamagyarosi.com\/wp-content\/uploads\/2025\/08\/Kein-Titel-1024-x-1024-px-150x150.webp 150w, https:\/\/erikamagyarosi.com\/wp-content\/uploads\/2025\/08\/Kein-Titel-1024-x-1024-px-768x768.webp 768w, https:\/\/erikamagyarosi.com\/wp-content\/uploads\/2025\/08\/Kein-Titel-1024-x-1024-px-12x12.webp 12w, https:\/\/erikamagyarosi.com\/wp-content\/uploads\/2025\/08\/Kein-Titel-1024-x-1024-px-650x650.webp 650w\" sizes=\"auto, (max-width: 1024px) 100vw, 1024px\" \/>\t\t\t\t\t\t\t\t<\/a>\n\t\t\t\t\t\t\t\t\t\t\t\t\t\t\t<\/div>\n\t\t\t\t<\/div>\n\t\t\t\t\t<\/div>\n\t\t<\/div>\n\t\t\t\t<div class=\"elementor-column elementor-col-50 elementor-top-column elementor-element elementor-element-c30cd3a\" data-id=\"c30cd3a\" data-element_type=\"column\">\n\t\t\t<div class=\"elementor-widget-wrap elementor-element-populated\">\n\t\t\t\t\t\t<div class=\"elementor-element elementor-element-d30a564 elementor-widget elementor-widget-image\" data-id=\"d30a564\" data-element_type=\"widget\" data-widget_type=\"image.default\">\n\t\t\t\t<div class=\"elementor-widget-container\">\n\t\t\t\t\t\t\t\t\t\t\t\t\t\t\t<img loading=\"lazy\" decoding=\"async\" width=\"500\" height=\"500\" src=\"https:\/\/erikamagyarosi.com\/wp-content\/uploads\/2025\/07\/Flying-Erika500-x-500-px.png\" class=\"attachment-large size-large wp-image-14728\" alt=\"\" srcset=\"https:\/\/erikamagyarosi.com\/wp-content\/uploads\/2025\/07\/Flying-Erika500-x-500-px.png 500w, https:\/\/erikamagyarosi.com\/wp-content\/uploads\/2025\/07\/Flying-Erika500-x-500-px-300x300.png 300w, https:\/\/erikamagyarosi.com\/wp-content\/uploads\/2025\/07\/Flying-Erika500-x-500-px-150x150.png 150w, https:\/\/erikamagyarosi.com\/wp-content\/uploads\/2025\/07\/Flying-Erika500-x-500-px-12x12.png 12w\" sizes=\"auto, (max-width: 500px) 100vw, 500px\" \/>\t\t\t\t\t\t\t\t\t\t\t\t\t\t\t<\/div>\n\t\t\t\t<\/div>\n\t\t\t\t\t<\/div>\n\t\t<\/div>\n\t\t\t\t\t<\/div>\n\t\t<\/section>\n\t\t\t\t<\/div>","protected":false},"excerpt":{"rendered":"<p>Gl\u00fcckliches Gehirn, gl\u00fcckliches Leben! Die eine E-Mail, f\u00fcr die Ihr Gehirn Ihnen wirklich danken wird! Melden Sie sich hier an. Gl\u00fcckliches Gehirn, gl\u00fcckliches [\u2026]<\/p>","protected":false},"author":3,"featured_media":0,"parent":0,"menu_order":0,"comment_status":"closed","ping_status":"closed","template":"","meta":{"_eb_attr":"","footnotes":""},"wf_page_folders":[77],"class_list":["post-14861","page","type-page","status-publish","hentry"],"_links":{"self":[{"href":"https:\/\/erikamagyarosi.com\/de\/wp-json\/wp\/v2\/pages\/14861","targetHints":{"allow":["GET"]}}],"collection":[{"href":"https:\/\/erikamagyarosi.com\/de\/wp-json\/wp\/v2\/pages"}],"about":[{"href":"https:\/\/erikamagyarosi.com\/de\/wp-json\/wp\/v2\/types\/page"}],"author":[{"embeddable":true,"href":"https:\/\/erikamagyarosi.com\/de\/wp-json\/wp\/v2\/users\/3"}],"replies":[{"embeddable":true,"href":"https:\/\/erikamagyarosi.com\/de\/wp-json\/wp\/v2\/comments?post=14861"}],"version-history":[{"count":87,"href":"https:\/\/erikamagyarosi.com\/de\/wp-json\/wp\/v2\/pages\/14861\/revisions"}],"predecessor-version":[{"id":15437,"href":"https:\/\/erikamagyarosi.com\/de\/wp-json\/wp\/v2\/pages\/14861\/revisions\/15437"}],"wp:attachment":[{"href":"https:\/\/erikamagyarosi.com\/de\/wp-json\/wp\/v2\/media?parent=14861"}],"wp:term":[{"taxonomy":"wf_page_folders","embeddable":true,"href":"https:\/\/erikamagyarosi.com\/de\/wp-json\/wp\/v2\/wf_page_folders?post=14861"}],"curies":[{"name":"wp","href":"https:\/\/api.w.org\/{rel}","templated":true}]}}